{"id":1177,"date":"2025-11-19T20:45:59","date_gmt":"2025-11-20T01:45:59","guid":{"rendered":"https:\/\/www.essentialinspect.com\/spanish\/?page_id=1177"},"modified":"2025-12-16T00:13:43","modified_gmt":"2025-12-16T05:13:43","slug":"carrera-unete-a-nosotros","status":"publish","type":"page","link":"https:\/\/www.essentialinspect.com\/spanish\/carrera-unete-a-nosotros\/","title":{"rendered":"Carrera \/ \u00danete a Nosotros"},"content":{"rendered":"\n<h2 class=\"wp-block-heading\"><strong>\u00a1Aplica Hoy!<\/strong><\/h2>\n\n\n\n<p>Completa nuestro formulario y un representante de Essential Inspection se comunicar\u00e1 contigo pronto.<\/p>\n\n\n\n<div class=\"wp-block-contact-form-7-contact-form-selector\">\n<div class=\"wpcf7 no-js\" id=\"wpcf7-f1180-o1\" lang=\"en-US\" dir=\"ltr\" data-wpcf7-id=\"1180\">\n<div class=\"screen-reader-response\"><p role=\"status\" aria-live=\"polite\" aria-atomic=\"true\"><\/p> <ul><\/ul><\/div>\n<form action=\"\/spanish\/wp-json\/wp\/v2\/pages\/1177#wpcf7-f1180-o1\" method=\"post\" class=\"wpcf7-form init\" aria-label=\"Contact form\" enctype=\"multipart\/form-data\" novalidate=\"novalidate\" data-status=\"init\">\n<fieldset class=\"hidden-fields-container\"><input type=\"hidden\" name=\"_wpcf7\" value=\"1180\" \/><input type=\"hidden\" name=\"_wpcf7_version\" value=\"6.1.5\" \/><input type=\"hidden\" name=\"_wpcf7_locale\" value=\"en_US\" \/><input type=\"hidden\" name=\"_wpcf7_unit_tag\" value=\"wpcf7-f1180-o1\" \/><input type=\"hidden\" name=\"_wpcf7_container_post\" value=\"0\" \/><input type=\"hidden\" name=\"_wpcf7_posted_data_hash\" value=\"\" \/><input type=\"hidden\" name=\"_wpcf7_recaptcha_response\" value=\"\" \/>\n<\/fieldset>\n<p><span class=\"wpcf7-form-control-wrap\" data-name=\"first-name\"><input size=\"40\" maxlength=\"400\" class=\"wpcf7-form-control wpcf7-text wpcf7-validates-as-required\" aria-required=\"true\" aria-invalid=\"false\" placeholder=\"Nombre\" value=\"\" type=\"text\" name=\"first-name\" \/><\/span><br \/>\n<span class=\"wpcf7-form-control-wrap\" data-name=\"last-name\"><input size=\"40\" maxlength=\"400\" class=\"wpcf7-form-control wpcf7-text wpcf7-validates-as-required\" aria-required=\"true\" aria-invalid=\"false\" placeholder=\"Apellido\" value=\"\" type=\"text\" name=\"last-name\" \/><\/span><br \/>\n<span class=\"wpcf7-form-control-wrap\" data-name=\"telefone\"><input size=\"40\" maxlength=\"400\" class=\"wpcf7-form-control wpcf7-tel wpcf7-validates-as-required wpcf7-text wpcf7-validates-as-tel phone_us\" aria-required=\"true\" aria-invalid=\"false\" placeholder=\"N\u00famero de tel\u00e9fono\" value=\"\" type=\"tel\" name=\"telefone\" \/><\/span><br \/>\n<span class=\"wpcf7-form-control-wrap\" data-name=\"your-email\"><input size=\"40\" maxlength=\"400\" class=\"wpcf7-form-control wpcf7-email wpcf7-validates-as-required wpcf7-text wpcf7-validates-as-email\" aria-required=\"true\" aria-invalid=\"false\" placeholder=\"Correo electr\u00f3nico\" value=\"\" type=\"email\" name=\"your-email\" \/><\/span><br \/>\n<span class=\"wpcf7-form-control-wrap\" data-name=\"position\"><select class=\"wpcf7-form-control wpcf7-select wpcf7-validates-as-required\" aria-required=\"true\" aria-invalid=\"false\" name=\"position\"><option value=\"\">\u00bfA qu\u00e9 posici\u00f3n te gustar\u00eda aplicar?<\/option><option value=\"Inspector - Residencial\">Inspector - Residencial<\/option><option value=\"Inspector - Comercial\">Inspector - Comercial<\/option><option value=\"Ventas de marketing\">Ventas de marketing<\/option><option value=\"Coordinador de atenci\u00f3n al cliente\">Coordinador de atenci\u00f3n al cliente<\/option><option value=\"Otro\">Otro<\/option><\/select><\/span><br \/>\nSube tu curr\u00edculum:<span class=\"wpcf7-form-control-wrap\" data-name=\"resume\"><input size=\"40\" class=\"wpcf7-form-control wpcf7-file\" accept=\".pdf\" aria-invalid=\"false\" type=\"file\" name=\"resume\" \/><\/span><br \/>\n<input class=\"wpcf7-form-control wpcf7-submit has-spinner\" type=\"submit\" value=\"ENVIAR SOLICITUD\" \/>\n<\/p><div class=\"wpcf7-response-output\" aria-hidden=\"true\"><\/div>\n<\/form>\n<\/div>\n<\/div>\n","protected":false},"excerpt":{"rendered":"<p>\u00a1Aplica Hoy! Completa nuestro formulario y un representante de Essential Inspection se comunicar\u00e1 contigo pronto.<\/p>\n","protected":false},"author":3,"featured_media":0,"parent":0,"menu_order":0,"comment_status":"closed","ping_status":"closed","template":"standard.php","meta":{"_acf_changed":false,"_monsterinsights_skip_tracking":false,"_monsterinsights_sitenote_active":false,"_monsterinsights_sitenote_note":"","_monsterinsights_sitenote_category":0,"footnotes":""},"class_list":["post-1177","page","type-page","status-publish","hentry"],"acf":[],"yoast_head":"<!-- This site is optimized with the Yoast SEO plugin v27.4 - https:\/\/yoast.com\/product\/yoast-seo-wordpress\/ -->\n<title>Carrera \/ \u00danete a Nosotros - Essential Inspection Services<\/title>\n<meta name=\"robots\" content=\"index, follow, max-snippet:-1, max-image-preview:large, max-video-preview:-1\" \/>\n<link rel=\"canonical\" href=\"https:\/\/www.essentialinspect.com\/spanish\/carrera-unete-a-nosotros\/\" \/>\n<meta property=\"og:locale\" content=\"en_US\" \/>\n<meta property=\"og:type\" content=\"article\" \/>\n<meta property=\"og:title\" content=\"Carrera \/ \u00danete a Nosotros - Essential Inspection Services\" \/>\n<meta property=\"og:description\" content=\"\u00a1Aplica Hoy! Completa nuestro formulario y un representante de Essential Inspection se comunicar\u00e1 contigo pronto.\" \/>\n<meta property=\"og:url\" content=\"https:\/\/www.essentialinspect.com\/spanish\/carrera-unete-a-nosotros\/\" \/>\n<meta property=\"og:site_name\" content=\"Essential Inspection Services\" \/>\n<meta property=\"article:publisher\" content=\"https:\/\/www.facebook.com\/people\/Essential-Inspection-Services\/61553614546537\/\" \/>\n<meta property=\"article:modified_time\" content=\"2025-12-16T05:13:43+00:00\" \/>\n<meta name=\"twitter:card\" content=\"summary_large_image\" \/>\n<meta name=\"twitter:label1\" content=\"Est. reading time\" \/>\n\t<meta name=\"twitter:data1\" content=\"1 minute\" \/>\n<script type=\"application\/ld+json\" class=\"yoast-schema-graph\">{\"@context\":\"https:\\\/\\\/schema.org\",\"@graph\":[{\"@type\":\"WebPage\",\"@id\":\"https:\\\/\\\/www.essentialinspect.com\\\/spanish\\\/carrera-unete-a-nosotros\\\/\",\"url\":\"https:\\\/\\\/www.essentialinspect.com\\\/spanish\\\/carrera-unete-a-nosotros\\\/\",\"name\":\"Carrera \\\/ \u00danete a Nosotros - Essential Inspection Services\",\"isPartOf\":{\"@id\":\"https:\\\/\\\/www.essentialinspect.com\\\/spanish\\\/#website\"},\"datePublished\":\"2025-11-20T01:45:59+00:00\",\"dateModified\":\"2025-12-16T05:13:43+00:00\",\"breadcrumb\":{\"@id\":\"https:\\\/\\\/www.essentialinspect.com\\\/spanish\\\/carrera-unete-a-nosotros\\\/#breadcrumb\"},\"inLanguage\":\"en-US\",\"potentialAction\":[{\"@type\":\"ReadAction\",\"target\":[\"https:\\\/\\\/www.essentialinspect.com\\\/spanish\\\/carrera-unete-a-nosotros\\\/\"]}]},{\"@type\":\"BreadcrumbList\",\"@id\":\"https:\\\/\\\/www.essentialinspect.com\\\/spanish\\\/carrera-unete-a-nosotros\\\/#breadcrumb\",\"itemListElement\":[{\"@type\":\"ListItem\",\"position\":1,\"name\":\"Home\",\"item\":\"https:\\\/\\\/www.essentialinspect.com\\\/spanish\\\/\"},{\"@type\":\"ListItem\",\"position\":2,\"name\":\"Carrera \\\/ \u00danete a Nosotros\"}]},{\"@type\":\"WebSite\",\"@id\":\"https:\\\/\\\/www.essentialinspect.com\\\/spanish\\\/#website\",\"url\":\"https:\\\/\\\/www.essentialinspect.com\\\/spanish\\\/\",\"name\":\"Essential Inspection Services\",\"description\":\"Home Inspection, property inspections\",\"potentialAction\":[{\"@type\":\"SearchAction\",\"target\":{\"@type\":\"EntryPoint\",\"urlTemplate\":\"https:\\\/\\\/www.essentialinspect.com\\\/spanish\\\/?s={search_term_string}\"},\"query-input\":{\"@type\":\"PropertyValueSpecification\",\"valueRequired\":true,\"valueName\":\"search_term_string\"}}],\"inLanguage\":\"en-US\"}]}<\/script>\n<!-- \/ Yoast SEO plugin. -->","yoast_head_json":{"title":"Carrera \/ \u00danete a Nosotros - Essential Inspection Services","robots":{"index":"index","follow":"follow","max-snippet":"max-snippet:-1","max-image-preview":"max-image-preview:large","max-video-preview":"max-video-preview:-1"},"canonical":"https:\/\/www.essentialinspect.com\/spanish\/carrera-unete-a-nosotros\/","og_locale":"en_US","og_type":"article","og_title":"Carrera \/ \u00danete a Nosotros - Essential Inspection Services","og_description":"\u00a1Aplica Hoy! Completa nuestro formulario y un representante de Essential Inspection se comunicar\u00e1 contigo pronto.","og_url":"https:\/\/www.essentialinspect.com\/spanish\/carrera-unete-a-nosotros\/","og_site_name":"Essential Inspection Services","article_publisher":"https:\/\/www.facebook.com\/people\/Essential-Inspection-Services\/61553614546537\/","article_modified_time":"2025-12-16T05:13:43+00:00","twitter_card":"summary_large_image","twitter_misc":{"Est. reading time":"1 minute"},"schema":{"@context":"https:\/\/schema.org","@graph":[{"@type":"WebPage","@id":"https:\/\/www.essentialinspect.com\/spanish\/carrera-unete-a-nosotros\/","url":"https:\/\/www.essentialinspect.com\/spanish\/carrera-unete-a-nosotros\/","name":"Carrera \/ \u00danete a Nosotros - Essential Inspection Services","isPartOf":{"@id":"https:\/\/www.essentialinspect.com\/spanish\/#website"},"datePublished":"2025-11-20T01:45:59+00:00","dateModified":"2025-12-16T05:13:43+00:00","breadcrumb":{"@id":"https:\/\/www.essentialinspect.com\/spanish\/carrera-unete-a-nosotros\/#breadcrumb"},"inLanguage":"en-US","potentialAction":[{"@type":"ReadAction","target":["https:\/\/www.essentialinspect.com\/spanish\/carrera-unete-a-nosotros\/"]}]},{"@type":"BreadcrumbList","@id":"https:\/\/www.essentialinspect.com\/spanish\/carrera-unete-a-nosotros\/#breadcrumb","itemListElement":[{"@type":"ListItem","position":1,"name":"Home","item":"https:\/\/www.essentialinspect.com\/spanish\/"},{"@type":"ListItem","position":2,"name":"Carrera \/ \u00danete a Nosotros"}]},{"@type":"WebSite","@id":"https:\/\/www.essentialinspect.com\/spanish\/#website","url":"https:\/\/www.essentialinspect.com\/spanish\/","name":"Essential Inspection Services","description":"Home Inspection, property inspections","potentialAction":[{"@type":"SearchAction","target":{"@type":"EntryPoint","urlTemplate":"https:\/\/www.essentialinspect.com\/spanish\/?s={search_term_string}"},"query-input":{"@type":"PropertyValueSpecification","valueRequired":true,"valueName":"search_term_string"}}],"inLanguage":"en-US"}]}},"_links":{"self":[{"href":"https:\/\/www.essentialinspect.com\/spanish\/wp-json\/wp\/v2\/pages\/1177","targetHints":{"allow":["GET"]}}],"collection":[{"href":"https:\/\/www.essentialinspect.com\/spanish\/wp-json\/wp\/v2\/pages"}],"about":[{"href":"https:\/\/www.essentialinspect.com\/spanish\/wp-json\/wp\/v2\/types\/page"}],"author":[{"embeddable":true,"href":"https:\/\/www.essentialinspect.com\/spanish\/wp-json\/wp\/v2\/users\/3"}],"replies":[{"embeddable":true,"href":"https:\/\/www.essentialinspect.com\/spanish\/wp-json\/wp\/v2\/comments?post=1177"}],"version-history":[{"count":4,"href":"https:\/\/www.essentialinspect.com\/spanish\/wp-json\/wp\/v2\/pages\/1177\/revisions"}],"predecessor-version":[{"id":1206,"href":"https:\/\/www.essentialinspect.com\/spanish\/wp-json\/wp\/v2\/pages\/1177\/revisions\/1206"}],"wp:attachment":[{"href":"https:\/\/www.essentialinspect.com\/spanish\/wp-json\/wp\/v2\/media?parent=1177"}],"curies":[{"name":"wp","href":"https:\/\/api.w.org\/{rel}","templated":true}]}}